{"id":5872,"date":"2017-09-02T12:47:01","date_gmt":"2017-09-02T15:47:01","guid":{"rendered":"https:\/\/carolinagabriel.com.br\/?page_id=5872"},"modified":"2022-09-18T23:55:57","modified_gmt":"2022-09-19T02:55:57","slug":"reembolso-para-planos-de-saude","status":"publish","type":"page","link":"https:\/\/carolinagabriel.com.br\/blog\/reembolso-para-planos-de-saude\/","title":{"rendered":"Reembolso para planos de sa\u00fade"},"content":{"rendered":"\n<p>Conforme mencionado anteriormente existem dispositivos legais que garantem o atendimento nutricional <a href=\"https:\/\/www.idec.org.br\/consultas\/dicas-e-direitos\/tenho-direito-de-ser-atendido-por-psicologo-nutricionista-terapeuta-ocupacional-ou-fonoaudiologo\" target=\"_blank\" rel=\"noopener\">clique aqui para ver mais<\/a>. Os pacientes que quiserem realizar o reembolso precisam seguir os passos certos para melhorar suas chances de ser reembolsado, conforme veremos a seguir.<\/p>\n\n\n\n<ol class=\"wp-block-list\"><li>Passar por uma consulta m\u00e9dica e pedir a solicita\u00e7\u00e3o &#8211; encaminhamento &#8211; para um nutricionista.<\/li><li>Agendar uma consulta estando preparado para arcar com os custos normais caso o plano se negue.<\/li><li>Solicitar a nutricionista que o atende um recibo de atendimento e encaminha-lo ao seu plano para reembolso.<\/li><\/ol>\n\n\n\n<p>Da experi\u00eancia que possu\u00edmos, os ressarcimentos acontecem de 100% a 50% do valor da consulta com relativa facilidade &#8211; <em>porem n\u00e3o temos como garantir<\/em>. Existem planos que s\u00e3o mais flex\u00edveis, outros \u00e9 necess\u00e1rio entrar no juizado especial para garantir seus direitos e na maioria das vezes os planos perdem essas a\u00e7\u00f5es.<\/p>\n\n\n\n<h3 class=\"wp-block-heading\">Planos de sa\u00fade e dificuldade de ades\u00e3o<\/h3>\n\n\n\n<p>Por quest\u00f5es financeiro\/administrativas os profissionais em nutri\u00e7\u00e3o possuem um custo elevado ao plano de sa\u00fade. Mesmo existindo mecanismos jur\u00eddicos que reconhecem a profiss\u00e3o, os planos fazem o que podem para dificultar o trabalho do nutricionista. A burocracia e o valor oferecido pelos planos, praticamente inviabilizam qualquer iniciativa.<\/p>\n\n\n\n<p>Outra solu\u00e7\u00e3o encontrada por eles \u00e9 ter suas pr\u00f3prias nutricionistas em suas sedes que realizam apenas a orienta\u00e7\u00e3o nutricional.<\/p>\n\n\n\n<h3 class=\"wp-block-heading\">Diferen\u00e7a entre orienta\u00e7\u00e3o nutricional e consulta nutricional<\/h3>\n\n\n\n<p>Os conv\u00eanios de sa\u00fade (planos) possuem suas pr\u00f3prias nutricionistas. Elas realizam a orienta\u00e7\u00e3o nutricional, que trata-se de um atendimento r\u00e1pido com respostas a algumas duvidas e uma c\u00f3pia de orienta\u00e7\u00f5es b\u00e1sicas de alimenta\u00e7\u00e3o sem aprofundamentos.<\/p>\n\n\n\n<p>Consulta nutricional \u00e9 o atendimento especializado com aspecto mais completo onde todas as informa\u00e7\u00f5es pertinentes s\u00e3o coletadas &#8211; exames, medidas, anamnese &#8211; e com base nelas \u00e9 realizado a entrega de um plano alimentar &#8211; dieta &#8211; suplementa\u00e7\u00e3o e orienta\u00e7\u00f5es pertinentes a cada caso.<\/p>\n\n\n\n<blockquote class=\"wp-block-quote has-text-align-left is-layout-flow wp-block-quote-is-layout-flow\"><p>&nbsp;Gostar\u00edamos que os planos de sa\u00fade enxergassem os nutricionistas como um investimento no indiv\u00edduo e em sua qualidade de vida. Bons h\u00e1bitos alimentares nos fazem ficar menos doentes, consequentemente usando menos plano de sa\u00fade, gera mais economia a empresa e mais sa\u00fade aos seus cooperados.<\/p><\/blockquote>\n","protected":false},"excerpt":{"rendered":"<p>Conforme mencionado anteriormente existem dispositivos legais que garantem o atendimento nutricional clique aqui para ver mais. Os pacientes que quiserem realizar o reembolso precisam seguir os passos certos para melhorar suas chances de ser reembolsado, conforme veremos a seguir. Passar por uma consulta m\u00e9dica e pedir a solicita\u00e7\u00e3o &#8211; encaminhamento &#8211; para um nutricionista. Agendar &hellip; <a href=\"https:\/\/carolinagabriel.com.br\/blog\/reembolso-para-planos-de-saude\/\" class=\"more-link\">Continuar lendo <span class=\"screen-reader-text\">Reembolso para planos de sa\u00fade<\/span><\/a><\/p>\n","protected":false},"author":1,"featured_media":0,"parent":0,"menu_order":4,"comment_status":"closed","ping_status":"closed","template":"","meta":{"footnotes":""},"class_list":["post-5872","page","type-page","status-publish","hentry"],"_links":{"self":[{"href":"https:\/\/carolinagabriel.com.br\/blog\/wp-json\/wp\/v2\/pages\/5872","targetHints":{"allow":["GET"]}}],"collection":[{"href":"https:\/\/carolinagabriel.com.br\/blog\/wp-json\/wp\/v2\/pages"}],"about":[{"href":"https:\/\/carolinagabriel.com.br\/blog\/wp-json\/wp\/v2\/types\/page"}],"author":[{"embeddable":true,"href":"https:\/\/carolinagabriel.com.br\/blog\/wp-json\/wp\/v2\/users\/1"}],"replies":[{"embeddable":true,"href":"https:\/\/carolinagabriel.com.br\/blog\/wp-json\/wp\/v2\/comments?post=5872"}],"version-history":[{"count":6,"href":"https:\/\/carolinagabriel.com.br\/blog\/wp-json\/wp\/v2\/pages\/5872\/revisions"}],"predecessor-version":[{"id":8981,"href":"https:\/\/carolinagabriel.com.br\/blog\/wp-json\/wp\/v2\/pages\/5872\/revisions\/8981"}],"wp:attachment":[{"href":"https:\/\/carolinagabriel.com.br\/blog\/wp-json\/wp\/v2\/media?parent=5872"}],"curies":[{"name":"wp","href":"https:\/\/api.w.org\/{rel}","templated":true}]}}