{"id":8944,"date":"2021-10-20T23:53:08","date_gmt":"2021-10-21T02:53:08","guid":{"rendered":"https:\/\/blog.carolinagabriel.com.br\/?page_id=8944"},"modified":"2022-10-28T19:48:27","modified_gmt":"2022-10-28T22:48:27","slug":"como-fazer-sua-auto-avaliacao-fisica","status":"publish","type":"page","link":"https:\/\/carolinagabriel.com.br\/blog\/como-fazer-sua-auto-avaliacao-fisica\/","title":{"rendered":"Como fazer sua auto avalia\u00e7\u00e3o f\u00edsica"},"content":{"rendered":"","protected":true},"excerpt":{"rendered":"","protected":true},"author":4,"featured_media":0,"parent":0,"menu_order":0,"comment_status":"closed","ping_status":"closed","template":"","meta":{"footnotes":""},"class_list":["post-8944","page","type-page","status-publish","post-password-required","hentry"],"_links":{"self":[{"href":"https:\/\/carolinagabriel.com.br\/blog\/wp-json\/wp\/v2\/pages\/8944","targetHints":{"allow":["GET"]}}],"collection":[{"href":"https:\/\/carolinagabriel.com.br\/blog\/wp-json\/wp\/v2\/pages"}],"about":[{"href":"https:\/\/carolinagabriel.com.br\/blog\/wp-json\/wp\/v2\/types\/page"}],"author":[{"embeddable":true,"href":"https:\/\/carolinagabriel.com.br\/blog\/wp-json\/wp\/v2\/users\/4"}],"replies":[{"embeddable":true,"href":"https:\/\/carolinagabriel.com.br\/blog\/wp-json\/wp\/v2\/comments?post=8944"}],"version-history":[{"count":9,"href":"https:\/\/carolinagabriel.com.br\/blog\/wp-json\/wp\/v2\/pages\/8944\/revisions"}],"predecessor-version":[{"id":9200,"href":"https:\/\/carolinagabriel.com.br\/blog\/wp-json\/wp\/v2\/pages\/8944\/revisions\/9200"}],"wp:attachment":[{"href":"https:\/\/carolinagabriel.com.br\/blog\/wp-json\/wp\/v2\/media?parent=8944"}],"curies":[{"name":"wp","href":"https:\/\/api.w.org\/{rel}","templated":true}]}}